{"id":125,"date":"2013-11-13T09:21:06","date_gmt":"2013-11-13T09:21:06","guid":{"rendered":"https:\/\/www.kanizsamasszazs.hu\/?page_id=125"},"modified":"2013-11-13T09:21:06","modified_gmt":"2013-11-13T09:21:06","slug":"home","status":"publish","type":"page","link":"https:\/\/www.kanizsamasszazs.hu\/de\/","title":{"rendered":"Home"},"content":{"rendered":"<h1>Willkommen auf unserer Webseite!<\/h1>\n<p>In dieser Praxis erwartet Sie eine sch\u00f6ne Atmosph\u00e4re und Massagen, die in ihrer Qualit\u00e4t und Tiefe wie ein kleiner Urlaub f\u00fcr Sie sind. Es ist ein Eintauchen in pures Genie\u00dfen, in immer feinere Nuancen des k\u00f6rperlichen und seelischen Empfindens. Die Regeneration geschieht nicht nur auf muskul\u00e4rer Ebene, sondern auch im Nervensystem, der Atmung und in der Wahrnehmung des Energieflusses unseres K\u00f6rpers und der Psyche.<br \/>\nEine gute Massage ist gepr\u00e4gt durch Kenntnisse \u00fcber die k\u00f6rperliche Struktur und besonders durch Pr\u00e4senz und Achtsamkeit.<br \/>\nW\u00e4hlen Sie von den verschiedenen Massagearten die wir anbieten, und bei deren Wahl wir Sie gerne beraten. Die Massagen unterscheiden sich in der Anwendung von \u00d6l, der Dynamik und in den Techniken. Sie k\u00f6nnen ein besondere Auswirkung auf die Reinigung des Lymphsystems, den Energiefluss im K\u00f6rper haben, oder speziell muskul\u00e4re Verspannungen l\u00f6sen.<\/p>\n","protected":false},"excerpt":{"rendered":"<p>Willkommen auf unserer Webseite! In dieser Praxis erwartet Sie eine sch\u00f6ne Atmosph\u00e4re und Massagen, die in ihrer Qualit\u00e4t und Tiefe wie ein kleiner Urlaub f\u00fcr Sie sind. Es ist ein Eintauchen in pures Genie\u00dfen, in immer feinere Nuancen des k\u00f6rperlichen und seelischen Empfindens. Die Regeneration geschieht nicht nur auf muskul\u00e4rer Ebene, sondern auch im Nervensystem, [&hellip;]<\/p>\n","protected":false},"author":1,"featured_media":0,"parent":0,"menu_order":0,"comment_status":"open","ping_status":"closed","template":"","meta":{"ngg_post_thumbnail":0,"footnotes":""},"class_list":["post-125","page","type-page","status-publish","hentry"],"yoast_head":"<!-- This site is optimized with the Yoast SEO plugin v26.7 - https:\/\/yoast.com\/wordpress\/plugins\/seo\/ -->\n<title>Home - Massz\u00e1zs | Godzsa<\/title>\n<meta name=\"robots\" content=\"index, follow, max-snippet:-1, max-image-preview:large, max-video-preview:-1\" \/>\n<link rel=\"canonical\" href=\"https:\/\/www.kanizsamasszazs.hu\/de\/\" \/>\n<meta property=\"og:locale\" content=\"de_DE\" \/>\n<meta property=\"og:type\" content=\"article\" \/>\n<meta property=\"og:title\" content=\"Home - Massz\u00e1zs | Godzsa\" \/>\n<meta property=\"og:description\" content=\"Willkommen auf unserer Webseite! In dieser Praxis erwartet Sie eine sch\u00f6ne Atmosph\u00e4re und Massagen, die in ihrer Qualit\u00e4t und Tiefe wie ein kleiner Urlaub f\u00fcr Sie sind. Es ist ein Eintauchen in pures Genie\u00dfen, in immer feinere Nuancen des k\u00f6rperlichen und seelischen Empfindens. Die Regeneration geschieht nicht nur auf muskul\u00e4rer Ebene, sondern auch im Nervensystem, [&hellip;]\" \/>\n<meta property=\"og:url\" content=\"https:\/\/www.kanizsamasszazs.hu\/de\/\" \/>\n<meta property=\"og:site_name\" content=\"Massz\u00e1zs | Godzsa\" \/>\n<meta name=\"twitter:label1\" content=\"Gesch\u00e4tzte Lesezeit\" \/>\n\t<meta name=\"twitter:data1\" content=\"1\u00a0Minute\" \/>\n<script type=\"application\/ld+json\" class=\"yoast-schema-graph\">{\"@context\":\"https:\/\/schema.org\",\"@graph\":[{\"@type\":\"WebPage\",\"@id\":\"https:\/\/www.kanizsamasszazs.hu\/de\/\",\"url\":\"https:\/\/www.kanizsamasszazs.hu\/de\/\",\"name\":\"Home - Massz\u00e1zs | Godzsa\",\"isPartOf\":{\"@id\":\"https:\/\/www.kanizsamasszazs.hu\/#website\"},\"datePublished\":\"2013-11-13T09:21:06+00:00\",\"breadcrumb\":{\"@id\":\"https:\/\/www.kanizsamasszazs.hu\/de\/#breadcrumb\"},\"inLanguage\":\"de\",\"potentialAction\":[{\"@type\":\"ReadAction\",\"target\":[\"https:\/\/www.kanizsamasszazs.hu\/de\/\"]}]},{\"@type\":\"BreadcrumbList\",\"@id\":\"https:\/\/www.kanizsamasszazs.hu\/de\/#breadcrumb\",\"itemListElement\":[{\"@type\":\"ListItem\",\"position\":1,\"name\":\"Home\",\"item\":\"https:\/\/www.kanizsamasszazs.hu\/de\/\"},{\"@type\":\"ListItem\",\"position\":2,\"name\":\"Home\"}]},{\"@type\":\"WebSite\",\"@id\":\"https:\/\/www.kanizsamasszazs.hu\/#website\",\"url\":\"https:\/\/www.kanizsamasszazs.hu\/\",\"name\":\"Massz\u00e1zs | Godzsa\",\"description\":\"\",\"potentialAction\":[{\"@type\":\"SearchAction\",\"target\":{\"@type\":\"EntryPoint\",\"urlTemplate\":\"https:\/\/www.kanizsamasszazs.hu\/?s={search_term_string}\"},\"query-input\":{\"@type\":\"PropertyValueSpecification\",\"valueRequired\":true,\"valueName\":\"search_term_string\"}}],\"inLanguage\":\"de\"}]}<\/script>\n<!-- \/ Yoast SEO plugin. -->","yoast_head_json":{"title":"Home - Massz\u00e1zs | Godzsa","robots":{"index":"index","follow":"follow","max-snippet":"max-snippet:-1","max-image-preview":"max-image-preview:large","max-video-preview":"max-video-preview:-1"},"canonical":"https:\/\/www.kanizsamasszazs.hu\/de\/","og_locale":"de_DE","og_type":"article","og_title":"Home - Massz\u00e1zs | Godzsa","og_description":"Willkommen auf unserer Webseite! In dieser Praxis erwartet Sie eine sch\u00f6ne Atmosph\u00e4re und Massagen, die in ihrer Qualit\u00e4t und Tiefe wie ein kleiner Urlaub f\u00fcr Sie sind. Es ist ein Eintauchen in pures Genie\u00dfen, in immer feinere Nuancen des k\u00f6rperlichen und seelischen Empfindens. Die Regeneration geschieht nicht nur auf muskul\u00e4rer Ebene, sondern auch im Nervensystem, [&hellip;]","og_url":"https:\/\/www.kanizsamasszazs.hu\/de\/","og_site_name":"Massz\u00e1zs | Godzsa","twitter_misc":{"Gesch\u00e4tzte Lesezeit":"1\u00a0Minute"},"schema":{"@context":"https:\/\/schema.org","@graph":[{"@type":"WebPage","@id":"https:\/\/www.kanizsamasszazs.hu\/de\/","url":"https:\/\/www.kanizsamasszazs.hu\/de\/","name":"Home - Massz\u00e1zs | Godzsa","isPartOf":{"@id":"https:\/\/www.kanizsamasszazs.hu\/#website"},"datePublished":"2013-11-13T09:21:06+00:00","breadcrumb":{"@id":"https:\/\/www.kanizsamasszazs.hu\/de\/#breadcrumb"},"inLanguage":"de","potentialAction":[{"@type":"ReadAction","target":["https:\/\/www.kanizsamasszazs.hu\/de\/"]}]},{"@type":"BreadcrumbList","@id":"https:\/\/www.kanizsamasszazs.hu\/de\/#breadcrumb","itemListElement":[{"@type":"ListItem","position":1,"name":"Home","item":"https:\/\/www.kanizsamasszazs.hu\/de\/"},{"@type":"ListItem","position":2,"name":"Home"}]},{"@type":"WebSite","@id":"https:\/\/www.kanizsamasszazs.hu\/#website","url":"https:\/\/www.kanizsamasszazs.hu\/","name":"Massz\u00e1zs | Godzsa","description":"","potentialAction":[{"@type":"SearchAction","target":{"@type":"EntryPoint","urlTemplate":"https:\/\/www.kanizsamasszazs.hu\/?s={search_term_string}"},"query-input":{"@type":"PropertyValueSpecification","valueRequired":true,"valueName":"search_term_string"}}],"inLanguage":"de"}]}},"_links":{"self":[{"href":"https:\/\/www.kanizsamasszazs.hu\/de\/wp-json\/wp\/v2\/pages\/125","targetHints":{"allow":["GET"]}}],"collection":[{"href":"https:\/\/www.kanizsamasszazs.hu\/de\/wp-json\/wp\/v2\/pages"}],"about":[{"href":"https:\/\/www.kanizsamasszazs.hu\/de\/wp-json\/wp\/v2\/types\/page"}],"author":[{"embeddable":true,"href":"https:\/\/www.kanizsamasszazs.hu\/de\/wp-json\/wp\/v2\/users\/1"}],"replies":[{"embeddable":true,"href":"https:\/\/www.kanizsamasszazs.hu\/de\/wp-json\/wp\/v2\/comments?post=125"}],"version-history":[{"count":0,"href":"https:\/\/www.kanizsamasszazs.hu\/de\/wp-json\/wp\/v2\/pages\/125\/revisions"}],"wp:attachment":[{"href":"https:\/\/www.kanizsamasszazs.hu\/de\/wp-json\/wp\/v2\/media?parent=125"}],"curies":[{"name":"wp","href":"https:\/\/api.w.org\/{rel}","templated":true}]}}