{"id":152,"date":"2013-11-18T08:38:45","date_gmt":"2013-11-18T08:38:45","guid":{"rendered":"https:\/\/www.kanizsamasszazs.hu\/?page_id=152"},"modified":"2013-11-18T08:38:45","modified_gmt":"2013-11-18T08:38:45","slug":"massage","status":"publish","type":"page","link":"https:\/\/www.kanizsamasszazs.hu\/de\/services-de\/massage\/","title":{"rendered":"Massage"},"content":{"rendered":"<h2>Tiefen Massage (Sportmassage)<\/h2>\n<p>Diese Massage wirkt spezifisch auf tiefere Schichten der Muskulatur und des Bindegewebes. Die Kombination von Gelenklockerung, Dehnung und Massage f\u00f6rdert das L\u00f6sen von Verspannungen und Triggerpunkten. Es entsteht eine tiefere Wahrnehmung und mehr Bewegungsspielraum, wodurch die Selbstregulation der Muskeln, Sehnen und B\u00e4nder neu angeregt wird. Auf psychischer und k\u00f6rperlicher Ebene kann diese Massage unterst\u00fctzen, stagnierte Energie loszulassen und eine neue K\u00f6rperwahrnehmung zu verankern. <\/p>\n<p>Als Sportmassage kann diese Massage auch f\u00fcr eine verk\u00fcrzte Dauer von 1 Stunde angewendet werden. F\u00fcr eine k\u00f6rperlich wie auch psychisch tiefer gehende Wirkung empfiehlt sich die 90 min Tiefenmassage. <\/p>\n<h2>Hot Stone Massage<\/h2>\n<p>Hot Stone Massage verbindet Massagedruck in Kombination mit Streichungen und vermindert Schmerz sowie muskul\u00e4re Beschwerden.<\/p>\n<p>Hot Stone MassageWas ist die Hot Stone Massage?<br \/>\nDie Therapie der Hot Stone Massage mit Verwendung von hei\u00dfen Steinen wurde bereits vor Christi Geburt in den Regionen Asiens von Heilern (Schamanen) angewendet. Die Hot Stone Massage entstand aus dem menschlichen Instinkt der Neuzeit. <\/p>\n<p>Bei der Hot Stone Massage werden sehr gut W\u00e4rme speichernde Basaltsteine auf ausgew\u00e4hlten Meridianpunkten platziert. Durch Gewicht und W\u00e4rme entfalten sie eine therapeutische Wirkung und regulieren den Energiefluss im K\u00f6rper. Zum Teil relativ flache, doch auch gr\u00f6\u00dfere Steine werden dazu benutzt. In den H\u00e4nden des Masseurs verst\u00e4rken sie die Wirkung bei der Hot Stone Massage, bzw. werden die Reflexbahnen durch den Druck der warmen, glatten und optimal geformten Steine positiv beeinflusst.<\/p>\n","protected":false},"excerpt":{"rendered":"<p>Tiefen Massage (Sportmassage) Diese Massage wirkt spezifisch auf tiefere Schichten der Muskulatur und des Bindegewebes. Die Kombination von Gelenklockerung, Dehnung und Massage f\u00f6rdert das L\u00f6sen von Verspannungen und Triggerpunkten. Es entsteht eine tiefere Wahrnehmung und mehr Bewegungsspielraum, wodurch die Selbstregulation der Muskeln, Sehnen und B\u00e4nder neu angeregt wird. Auf psychischer und k\u00f6rperlicher Ebene kann diese [&hellip;]<\/p>\n","protected":false},"author":1,"featured_media":0,"parent":176,"menu_order":0,"comment_status":"open","ping_status":"closed","template":"","meta":{"ngg_post_thumbnail":0,"footnotes":""},"class_list":["post-152","page","type-page","status-publish","hentry"],"yoast_head":"<!-- This site is optimized with the Yoast SEO plugin v27.5 - https:\/\/yoast.com\/product\/yoast-seo-wordpress\/ -->\n<title>Massage - Massz\u00e1zs | Godzsa<\/title>\n<meta name=\"robots\" content=\"index, follow, max-snippet:-1, max-image-preview:large, max-video-preview:-1\" \/>\n<link rel=\"canonical\" href=\"https:\/\/www.kanizsamasszazs.hu\/de\/services-de\/massage\/\" \/>\n<meta property=\"og:locale\" content=\"de_DE\" \/>\n<meta property=\"og:type\" content=\"article\" \/>\n<meta property=\"og:title\" content=\"Massage - Massz\u00e1zs | Godzsa\" \/>\n<meta property=\"og:description\" content=\"Tiefen Massage (Sportmassage) Diese Massage wirkt spezifisch auf tiefere Schichten der Muskulatur und des Bindegewebes. Die Kombination von Gelenklockerung, Dehnung und Massage f\u00f6rdert das L\u00f6sen von Verspannungen und Triggerpunkten. Es entsteht eine tiefere Wahrnehmung und mehr Bewegungsspielraum, wodurch die Selbstregulation der Muskeln, Sehnen und B\u00e4nder neu angeregt wird. Auf psychischer und k\u00f6rperlicher Ebene kann diese [&hellip;]\" \/>\n<meta property=\"og:url\" content=\"https:\/\/www.kanizsamasszazs.hu\/de\/services-de\/massage\/\" \/>\n<meta property=\"og:site_name\" content=\"Massz\u00e1zs | Godzsa\" \/>\n<meta name=\"twitter:label1\" content=\"Gesch\u00e4tzte Lesezeit\" \/>\n\t<meta name=\"twitter:data1\" content=\"1\u00a0Minute\" \/>\n<script type=\"application\/ld+json\" class=\"yoast-schema-graph\">{\"@context\":\"https:\\\/\\\/schema.org\",\"@graph\":[{\"@type\":\"WebPage\",\"@id\":\"https:\\\/\\\/www.kanizsamasszazs.hu\\\/de\\\/services-de\\\/massage\\\/\",\"url\":\"https:\\\/\\\/www.kanizsamasszazs.hu\\\/de\\\/services-de\\\/massage\\\/\",\"name\":\"Massage - Massz\u00e1zs | Godzsa\",\"isPartOf\":{\"@id\":\"https:\\\/\\\/www.kanizsamasszazs.hu\\\/#website\"},\"datePublished\":\"2013-11-18T08:38:45+00:00\",\"breadcrumb\":{\"@id\":\"https:\\\/\\\/www.kanizsamasszazs.hu\\\/de\\\/services-de\\\/massage\\\/#breadcrumb\"},\"inLanguage\":\"de\",\"potentialAction\":[{\"@type\":\"ReadAction\",\"target\":[\"https:\\\/\\\/www.kanizsamasszazs.hu\\\/de\\\/services-de\\\/massage\\\/\"]}]},{\"@type\":\"BreadcrumbList\",\"@id\":\"https:\\\/\\\/www.kanizsamasszazs.hu\\\/de\\\/services-de\\\/massage\\\/#breadcrumb\",\"itemListElement\":[{\"@type\":\"ListItem\",\"position\":1,\"name\":\"Home\",\"item\":\"https:\\\/\\\/www.kanizsamasszazs.hu\\\/de\\\/\"},{\"@type\":\"ListItem\",\"position\":2,\"name\":\"Services\",\"item\":\"https:\\\/\\\/www.kanizsamasszazs.hu\\\/de\\\/services-de\\\/\"},{\"@type\":\"ListItem\",\"position\":3,\"name\":\"Massage\"}]},{\"@type\":\"WebSite\",\"@id\":\"https:\\\/\\\/www.kanizsamasszazs.hu\\\/#website\",\"url\":\"https:\\\/\\\/www.kanizsamasszazs.hu\\\/\",\"name\":\"Massz\u00e1zs | Godzsa\",\"description\":\"\",\"potentialAction\":[{\"@type\":\"SearchAction\",\"target\":{\"@type\":\"EntryPoint\",\"urlTemplate\":\"https:\\\/\\\/www.kanizsamasszazs.hu\\\/?s={search_term_string}\"},\"query-input\":{\"@type\":\"PropertyValueSpecification\",\"valueRequired\":true,\"valueName\":\"search_term_string\"}}],\"inLanguage\":\"de\"}]}<\/script>\n<!-- \/ Yoast SEO plugin. -->","yoast_head_json":{"title":"Massage - Massz\u00e1zs | Godzsa","robots":{"index":"index","follow":"follow","max-snippet":"max-snippet:-1","max-image-preview":"max-image-preview:large","max-video-preview":"max-video-preview:-1"},"canonical":"https:\/\/www.kanizsamasszazs.hu\/de\/services-de\/massage\/","og_locale":"de_DE","og_type":"article","og_title":"Massage - Massz\u00e1zs | Godzsa","og_description":"Tiefen Massage (Sportmassage) Diese Massage wirkt spezifisch auf tiefere Schichten der Muskulatur und des Bindegewebes. Die Kombination von Gelenklockerung, Dehnung und Massage f\u00f6rdert das L\u00f6sen von Verspannungen und Triggerpunkten. Es entsteht eine tiefere Wahrnehmung und mehr Bewegungsspielraum, wodurch die Selbstregulation der Muskeln, Sehnen und B\u00e4nder neu angeregt wird. Auf psychischer und k\u00f6rperlicher Ebene kann diese [&hellip;]","og_url":"https:\/\/www.kanizsamasszazs.hu\/de\/services-de\/massage\/","og_site_name":"Massz\u00e1zs | Godzsa","twitter_misc":{"Gesch\u00e4tzte Lesezeit":"1\u00a0Minute"},"schema":{"@context":"https:\/\/schema.org","@graph":[{"@type":"WebPage","@id":"https:\/\/www.kanizsamasszazs.hu\/de\/services-de\/massage\/","url":"https:\/\/www.kanizsamasszazs.hu\/de\/services-de\/massage\/","name":"Massage - Massz\u00e1zs | Godzsa","isPartOf":{"@id":"https:\/\/www.kanizsamasszazs.hu\/#website"},"datePublished":"2013-11-18T08:38:45+00:00","breadcrumb":{"@id":"https:\/\/www.kanizsamasszazs.hu\/de\/services-de\/massage\/#breadcrumb"},"inLanguage":"de","potentialAction":[{"@type":"ReadAction","target":["https:\/\/www.kanizsamasszazs.hu\/de\/services-de\/massage\/"]}]},{"@type":"BreadcrumbList","@id":"https:\/\/www.kanizsamasszazs.hu\/de\/services-de\/massage\/#breadcrumb","itemListElement":[{"@type":"ListItem","position":1,"name":"Home","item":"https:\/\/www.kanizsamasszazs.hu\/de\/"},{"@type":"ListItem","position":2,"name":"Services","item":"https:\/\/www.kanizsamasszazs.hu\/de\/services-de\/"},{"@type":"ListItem","position":3,"name":"Massage"}]},{"@type":"WebSite","@id":"https:\/\/www.kanizsamasszazs.hu\/#website","url":"https:\/\/www.kanizsamasszazs.hu\/","name":"Massz\u00e1zs | Godzsa","description":"","potentialAction":[{"@type":"SearchAction","target":{"@type":"EntryPoint","urlTemplate":"https:\/\/www.kanizsamasszazs.hu\/?s={search_term_string}"},"query-input":{"@type":"PropertyValueSpecification","valueRequired":true,"valueName":"search_term_string"}}],"inLanguage":"de"}]}},"_links":{"self":[{"href":"https:\/\/www.kanizsamasszazs.hu\/de\/wp-json\/wp\/v2\/pages\/152","targetHints":{"allow":["GET"]}}],"collection":[{"href":"https:\/\/www.kanizsamasszazs.hu\/de\/wp-json\/wp\/v2\/pages"}],"about":[{"href":"https:\/\/www.kanizsamasszazs.hu\/de\/wp-json\/wp\/v2\/types\/page"}],"author":[{"embeddable":true,"href":"https:\/\/www.kanizsamasszazs.hu\/de\/wp-json\/wp\/v2\/users\/1"}],"replies":[{"embeddable":true,"href":"https:\/\/www.kanizsamasszazs.hu\/de\/wp-json\/wp\/v2\/comments?post=152"}],"version-history":[{"count":0,"href":"https:\/\/www.kanizsamasszazs.hu\/de\/wp-json\/wp\/v2\/pages\/152\/revisions"}],"up":[{"embeddable":true,"href":"https:\/\/www.kanizsamasszazs.hu\/de\/wp-json\/wp\/v2\/pages\/176"}],"wp:attachment":[{"href":"https:\/\/www.kanizsamasszazs.hu\/de\/wp-json\/wp\/v2\/media?parent=152"}],"curies":[{"name":"wp","href":"https:\/\/api.w.org\/{rel}","templated":true}]}}