{"id":154,"date":"2013-11-18T08:44:11","date_gmt":"2013-11-18T08:44:11","guid":{"rendered":"https:\/\/www.kanizsamasszazs.hu\/?page_id=154"},"modified":"2013-11-18T08:46:35","modified_gmt":"2013-11-18T08:46:35","slug":"schonheitsbehandlung-mit-galvanic-spa","status":"publish","type":"page","link":"https:\/\/www.kanizsamasszazs.hu\/de\/services-de\/schonheitsbehandlung-mit-galvanic-spa\/","title":{"rendered":"Sch\u00f6nheitsbehandlung"},"content":{"rendered":"<h1>Sch\u00f6nheitsbehandlung mit Galvanic Spa<\/h1>\n<h2>Galvanischer Feinstrom -sorgt f\u00fcr ein gesundes Hautbild!<\/h2>\n<p>1791 hat der Italiener Luigi Galvani erstmalig galvanische Feinstr\u00f6me f\u00fcr gesundheitsf\u00f6rdernde Zwecke eingesetzt. Der &#8222;galvanische Strom&#8220; auch bekannt als Galvanic und Galvanik, der u.a. in der Kosmetik eingesetzt wird, um den Transport von wirksamen Inhaltsstoffen in die Haut zu erm\u00f6glichen, ist nach dem italienischen Wissenschaftler benannt.  Galvanischer Feinstrom gilt als die sicherste und erprobteste Technologie in der Sch\u00f6nheitspflege. Galvanischer &#8222;Heilstrom&#8220; ist kein Wechselstrom, sondern entspricht der k\u00f6rpereigenen Spannung.<\/p>\n<p>Galvanic Behandlungen sorgen f\u00fcr Aktivierung und Tiefenreinigung Ihrer Haut:<\/p>\n<ul>\n<li>Regeneration<\/li>\n<li>Tiefenreinigung<\/li>\n<li>Faltenreduzierung<\/li>\n<li>Hautstraffung &#8211; Gesicht, Hals und Dekollet\u00e9<\/li>\n<li>Hautstraffung &#8211; Bauch, Beine, Po und Oberarme<\/li>\n<li>Haarwurzelaktivierung<\/li>\n<\/ul>\n<p>Ihre Vorteile einer professionellen Galvanic Behandlung: <\/p>\n<ul>\n<li>Kurbelt den Stoffwechsel und die<\/li>\n<li>Regeneration der Zellen an<\/li>\n<li>Vielfache Erh\u00f6hung der Lympht\u00e4tigkeit<\/li>\n<li>Entschlackung<\/li>\n<li>Bessere Durchblutung<\/li>\n<li>Straffung des Gewebes<\/li>\n<li>Kleinere Poren<\/li>\n<li>Verfeinerung des Hautbildes<\/li>\n<li>Gl\u00e4ttung von Falten<\/li>\n<li>Hervorragende Ergebnisse nach klass. Ausreinigung<\/li>\n<\/ul>\n<p>Der Gleichstrom weckt neue Zellenergie und vereinfacht den Transport von kosmetischen Wirkstoffen in tiefere Hautschichten. Ferner kann er den Abtransport von Ablagerungen beg\u00fcnstigen und so insgesamt zu einer ges\u00fcnder aussehenden Haut beitragen. Speziell abgestimmte Pflegecremes erzielen mit Hilfe des Galvanic-Spa Systems eine erstaunliche Wirkung. Viele Kunden sind begeistert und haben tolle Resultate mit dieser Behandlung erzielt. <p>Invalid Displayed Gallery<\/p><\/p>\n","protected":false},"excerpt":{"rendered":"<p>Sch\u00f6nheitsbehandlung mit Galvanic Spa Galvanischer Feinstrom -sorgt f\u00fcr ein gesundes Hautbild! 1791 hat der Italiener Luigi Galvani erstmalig galvanische Feinstr\u00f6me f\u00fcr gesundheitsf\u00f6rdernde Zwecke eingesetzt. Der &#8222;galvanische Strom&#8220; auch bekannt als Galvanic und Galvanik, der u.a. in der Kosmetik eingesetzt wird, um den Transport von wirksamen Inhaltsstoffen in die Haut zu erm\u00f6glichen, ist nach dem italienischen [&hellip;]<\/p>\n","protected":false},"author":1,"featured_media":0,"parent":176,"menu_order":0,"comment_status":"open","ping_status":"closed","template":"","meta":{"ngg_post_thumbnail":0,"footnotes":""},"class_list":["post-154","page","type-page","status-publish","hentry"],"yoast_head":"<!-- This site is optimized with the Yoast SEO plugin v26.7 - https:\/\/yoast.com\/wordpress\/plugins\/seo\/ -->\n<title>Sch\u00f6nheitsbehandlung - Massz\u00e1zs | Godzsa<\/title>\n<meta name=\"robots\" content=\"index, follow, max-snippet:-1, max-image-preview:large, max-video-preview:-1\" \/>\n<link rel=\"canonical\" href=\"https:\/\/www.kanizsamasszazs.hu\/de\/services-de\/schonheitsbehandlung-mit-galvanic-spa\/\" \/>\n<meta property=\"og:locale\" content=\"de_DE\" \/>\n<meta property=\"og:type\" content=\"article\" \/>\n<meta property=\"og:title\" content=\"Sch\u00f6nheitsbehandlung - Massz\u00e1zs | Godzsa\" \/>\n<meta property=\"og:description\" content=\"Sch\u00f6nheitsbehandlung mit Galvanic Spa Galvanischer Feinstrom -sorgt f\u00fcr ein gesundes Hautbild! 1791 hat der Italiener Luigi Galvani erstmalig galvanische Feinstr\u00f6me f\u00fcr gesundheitsf\u00f6rdernde Zwecke eingesetzt. Der &#8222;galvanische Strom&#8220; auch bekannt als Galvanic und Galvanik, der u.a. in der Kosmetik eingesetzt wird, um den Transport von wirksamen Inhaltsstoffen in die Haut zu erm\u00f6glichen, ist nach dem italienischen [&hellip;]\" \/>\n<meta property=\"og:url\" content=\"https:\/\/www.kanizsamasszazs.hu\/de\/services-de\/schonheitsbehandlung-mit-galvanic-spa\/\" \/>\n<meta property=\"og:site_name\" content=\"Massz\u00e1zs | Godzsa\" \/>\n<meta property=\"article:modified_time\" content=\"2013-11-18T08:46:35+00:00\" \/>\n<meta property=\"og:image\" content=\"https:\/\/www.kanizsamasszazs.hu\/nextgen-attach_to_post\/preview\/id--118\" \/>\n<meta name=\"twitter:label1\" content=\"Gesch\u00e4tzte Lesezeit\" \/>\n\t<meta name=\"twitter:data1\" content=\"1\u00a0Minute\" \/>\n<script type=\"application\/ld+json\" class=\"yoast-schema-graph\">{\"@context\":\"https:\/\/schema.org\",\"@graph\":[{\"@type\":\"WebPage\",\"@id\":\"https:\/\/www.kanizsamasszazs.hu\/de\/services-de\/schonheitsbehandlung-mit-galvanic-spa\/\",\"url\":\"https:\/\/www.kanizsamasszazs.hu\/de\/services-de\/schonheitsbehandlung-mit-galvanic-spa\/\",\"name\":\"Sch\u00f6nheitsbehandlung - Massz\u00e1zs | Godzsa\",\"isPartOf\":{\"@id\":\"https:\/\/www.kanizsamasszazs.hu\/#website\"},\"primaryImageOfPage\":{\"@id\":\"https:\/\/www.kanizsamasszazs.hu\/de\/services-de\/schonheitsbehandlung-mit-galvanic-spa\/#primaryimage\"},\"image\":{\"@id\":\"https:\/\/www.kanizsamasszazs.hu\/de\/services-de\/schonheitsbehandlung-mit-galvanic-spa\/#primaryimage\"},\"thumbnailUrl\":\"https:\/\/www.kanizsamasszazs.hu\/nextgen-attach_to_post\/preview\/id--118\",\"datePublished\":\"2013-11-18T08:44:11+00:00\",\"dateModified\":\"2013-11-18T08:46:35+00:00\",\"breadcrumb\":{\"@id\":\"https:\/\/www.kanizsamasszazs.hu\/de\/services-de\/schonheitsbehandlung-mit-galvanic-spa\/#breadcrumb\"},\"inLanguage\":\"de\",\"potentialAction\":[{\"@type\":\"ReadAction\",\"target\":[\"https:\/\/www.kanizsamasszazs.hu\/de\/services-de\/schonheitsbehandlung-mit-galvanic-spa\/\"]}]},{\"@type\":\"ImageObject\",\"inLanguage\":\"de\",\"@id\":\"https:\/\/www.kanizsamasszazs.hu\/de\/services-de\/schonheitsbehandlung-mit-galvanic-spa\/#primaryimage\",\"url\":\"https:\/\/www.kanizsamasszazs.hu\/nextgen-attach_to_post\/preview\/id--118\",\"contentUrl\":\"https:\/\/www.kanizsamasszazs.hu\/nextgen-attach_to_post\/preview\/id--118\"},{\"@type\":\"BreadcrumbList\",\"@id\":\"https:\/\/www.kanizsamasszazs.hu\/de\/services-de\/schonheitsbehandlung-mit-galvanic-spa\/#breadcrumb\",\"itemListElement\":[{\"@type\":\"ListItem\",\"position\":1,\"name\":\"Home\",\"item\":\"https:\/\/www.kanizsamasszazs.hu\/de\/\"},{\"@type\":\"ListItem\",\"position\":2,\"name\":\"Services\",\"item\":\"https:\/\/www.kanizsamasszazs.hu\/de\/services-de\/\"},{\"@type\":\"ListItem\",\"position\":3,\"name\":\"Sch\u00f6nheitsbehandlung\"}]},{\"@type\":\"WebSite\",\"@id\":\"https:\/\/www.kanizsamasszazs.hu\/#website\",\"url\":\"https:\/\/www.kanizsamasszazs.hu\/\",\"name\":\"Massz\u00e1zs | Godzsa\",\"description\":\"\",\"potentialAction\":[{\"@type\":\"SearchAction\",\"target\":{\"@type\":\"EntryPoint\",\"urlTemplate\":\"https:\/\/www.kanizsamasszazs.hu\/?s={search_term_string}\"},\"query-input\":{\"@type\":\"PropertyValueSpecification\",\"valueRequired\":true,\"valueName\":\"search_term_string\"}}],\"inLanguage\":\"de\"}]}<\/script>\n<!-- \/ Yoast SEO plugin. -->","yoast_head_json":{"title":"Sch\u00f6nheitsbehandlung - Massz\u00e1zs | Godzsa","robots":{"index":"index","follow":"follow","max-snippet":"max-snippet:-1","max-image-preview":"max-image-preview:large","max-video-preview":"max-video-preview:-1"},"canonical":"https:\/\/www.kanizsamasszazs.hu\/de\/services-de\/schonheitsbehandlung-mit-galvanic-spa\/","og_locale":"de_DE","og_type":"article","og_title":"Sch\u00f6nheitsbehandlung - Massz\u00e1zs | Godzsa","og_description":"Sch\u00f6nheitsbehandlung mit Galvanic Spa Galvanischer Feinstrom -sorgt f\u00fcr ein gesundes Hautbild! 1791 hat der Italiener Luigi Galvani erstmalig galvanische Feinstr\u00f6me f\u00fcr gesundheitsf\u00f6rdernde Zwecke eingesetzt. Der &#8222;galvanische Strom&#8220; auch bekannt als Galvanic und Galvanik, der u.a. in der Kosmetik eingesetzt wird, um den Transport von wirksamen Inhaltsstoffen in die Haut zu erm\u00f6glichen, ist nach dem italienischen [&hellip;]","og_url":"https:\/\/www.kanizsamasszazs.hu\/de\/services-de\/schonheitsbehandlung-mit-galvanic-spa\/","og_site_name":"Massz\u00e1zs | Godzsa","article_modified_time":"2013-11-18T08:46:35+00:00","og_image":[{"url":"https:\/\/www.kanizsamasszazs.hu\/nextgen-attach_to_post\/preview\/id--118","type":"","width":"","height":""}],"twitter_misc":{"Gesch\u00e4tzte Lesezeit":"1\u00a0Minute"},"schema":{"@context":"https:\/\/schema.org","@graph":[{"@type":"WebPage","@id":"https:\/\/www.kanizsamasszazs.hu\/de\/services-de\/schonheitsbehandlung-mit-galvanic-spa\/","url":"https:\/\/www.kanizsamasszazs.hu\/de\/services-de\/schonheitsbehandlung-mit-galvanic-spa\/","name":"Sch\u00f6nheitsbehandlung - Massz\u00e1zs | Godzsa","isPartOf":{"@id":"https:\/\/www.kanizsamasszazs.hu\/#website"},"primaryImageOfPage":{"@id":"https:\/\/www.kanizsamasszazs.hu\/de\/services-de\/schonheitsbehandlung-mit-galvanic-spa\/#primaryimage"},"image":{"@id":"https:\/\/www.kanizsamasszazs.hu\/de\/services-de\/schonheitsbehandlung-mit-galvanic-spa\/#primaryimage"},"thumbnailUrl":"https:\/\/www.kanizsamasszazs.hu\/nextgen-attach_to_post\/preview\/id--118","datePublished":"2013-11-18T08:44:11+00:00","dateModified":"2013-11-18T08:46:35+00:00","breadcrumb":{"@id":"https:\/\/www.kanizsamasszazs.hu\/de\/services-de\/schonheitsbehandlung-mit-galvanic-spa\/#breadcrumb"},"inLanguage":"de","potentialAction":[{"@type":"ReadAction","target":["https:\/\/www.kanizsamasszazs.hu\/de\/services-de\/schonheitsbehandlung-mit-galvanic-spa\/"]}]},{"@type":"ImageObject","inLanguage":"de","@id":"https:\/\/www.kanizsamasszazs.hu\/de\/services-de\/schonheitsbehandlung-mit-galvanic-spa\/#primaryimage","url":"https:\/\/www.kanizsamasszazs.hu\/nextgen-attach_to_post\/preview\/id--118","contentUrl":"https:\/\/www.kanizsamasszazs.hu\/nextgen-attach_to_post\/preview\/id--118"},{"@type":"BreadcrumbList","@id":"https:\/\/www.kanizsamasszazs.hu\/de\/services-de\/schonheitsbehandlung-mit-galvanic-spa\/#breadcrumb","itemListElement":[{"@type":"ListItem","position":1,"name":"Home","item":"https:\/\/www.kanizsamasszazs.hu\/de\/"},{"@type":"ListItem","position":2,"name":"Services","item":"https:\/\/www.kanizsamasszazs.hu\/de\/services-de\/"},{"@type":"ListItem","position":3,"name":"Sch\u00f6nheitsbehandlung"}]},{"@type":"WebSite","@id":"https:\/\/www.kanizsamasszazs.hu\/#website","url":"https:\/\/www.kanizsamasszazs.hu\/","name":"Massz\u00e1zs | Godzsa","description":"","potentialAction":[{"@type":"SearchAction","target":{"@type":"EntryPoint","urlTemplate":"https:\/\/www.kanizsamasszazs.hu\/?s={search_term_string}"},"query-input":{"@type":"PropertyValueSpecification","valueRequired":true,"valueName":"search_term_string"}}],"inLanguage":"de"}]}},"_links":{"self":[{"href":"https:\/\/www.kanizsamasszazs.hu\/de\/wp-json\/wp\/v2\/pages\/154","targetHints":{"allow":["GET"]}}],"collection":[{"href":"https:\/\/www.kanizsamasszazs.hu\/de\/wp-json\/wp\/v2\/pages"}],"about":[{"href":"https:\/\/www.kanizsamasszazs.hu\/de\/wp-json\/wp\/v2\/types\/page"}],"author":[{"embeddable":true,"href":"https:\/\/www.kanizsamasszazs.hu\/de\/wp-json\/wp\/v2\/users\/1"}],"replies":[{"embeddable":true,"href":"https:\/\/www.kanizsamasszazs.hu\/de\/wp-json\/wp\/v2\/comments?post=154"}],"version-history":[{"count":0,"href":"https:\/\/www.kanizsamasszazs.hu\/de\/wp-json\/wp\/v2\/pages\/154\/revisions"}],"up":[{"embeddable":true,"href":"https:\/\/www.kanizsamasszazs.hu\/de\/wp-json\/wp\/v2\/pages\/176"}],"wp:attachment":[{"href":"https:\/\/www.kanizsamasszazs.hu\/de\/wp-json\/wp\/v2\/media?parent=154"}],"curies":[{"name":"wp","href":"https:\/\/api.w.org\/{rel}","templated":true}]}}