{"id":410,"date":"2024-12-02T05:55:06","date_gmt":"2024-12-02T05:55:06","guid":{"rendered":"https:\/\/www.kanizsamasszazs.hu\/?page_id=410"},"modified":"2024-12-03T18:42:32","modified_gmt":"2024-12-03T18:42:32","slug":"partners","status":"publish","type":"page","link":"https:\/\/www.kanizsamasszazs.hu\/de\/partners\/","title":{"rendered":"Partners"},"content":{"rendered":"<ul>\n<li><a href=\"https:\/\/siker1.hu\/\" target=\"_blank\" rel=\"noopener\">SIKER Ingatlan<\/a><\/li>\n<li><a href=\"https:\/\/adamskavezo.hu\/adams-kavezo--etel----es-koktelbar-nagykanizsa\" target=\"_blank\" rel=\"noopener\">Adam&#8217;s K\u00e1v\u00e9z\u00f3 &amp; Smash Burger<\/a><\/li>\n<li><a href=\"https:\/\/alisonblu.hu\/\" target=\"_blank\" rel=\"noopener\">Alison Blu**** Apartman<\/a><\/li>\n<\/ul>\n","protected":false},"excerpt":{"rendered":"<p>SIKER Ingatlan Adam&#8217;s K\u00e1v\u00e9z\u00f3 &amp; Smash Burger Alison Blu**** Apartman<\/p>\n","protected":false},"author":1,"featured_media":0,"parent":0,"menu_order":0,"comment_status":"closed","ping_status":"closed","template":"","meta":{"ngg_post_thumbnail":0,"footnotes":""},"class_list":["post-410","page","type-page","status-publish","hentry"],"yoast_head":"<!-- This site is optimized with the Yoast SEO plugin v26.7 - https:\/\/yoast.com\/wordpress\/plugins\/seo\/ -->\n<title>Partners - Massz\u00e1zs | Godzsa<\/title>\n<meta name=\"robots\" content=\"index, follow, max-snippet:-1, max-image-preview:large, max-video-preview:-1\" \/>\n<link rel=\"canonical\" href=\"https:\/\/www.kanizsamasszazs.hu\/de\/partners\/\" \/>\n<meta property=\"og:locale\" content=\"de_DE\" \/>\n<meta property=\"og:type\" content=\"article\" \/>\n<meta property=\"og:title\" content=\"Partners - Massz\u00e1zs | Godzsa\" \/>\n<meta property=\"og:description\" content=\"SIKER Ingatlan Adam&#8217;s K\u00e1v\u00e9z\u00f3 &amp; Smash Burger Alison Blu**** Apartman\" \/>\n<meta property=\"og:url\" content=\"https:\/\/www.kanizsamasszazs.hu\/de\/partners\/\" \/>\n<meta property=\"og:site_name\" content=\"Massz\u00e1zs | Godzsa\" \/>\n<meta property=\"article:modified_time\" content=\"2024-12-03T18:42:32+00:00\" \/>\n<meta name=\"twitter:label1\" content=\"Gesch\u00e4tzte Lesezeit\" \/>\n\t<meta name=\"twitter:data1\" content=\"1\u00a0Minute\" \/>\n<script type=\"application\/ld+json\" class=\"yoast-schema-graph\">{\"@context\":\"https:\/\/schema.org\",\"@graph\":[{\"@type\":\"WebPage\",\"@id\":\"https:\/\/www.kanizsamasszazs.hu\/de\/partners\/\",\"url\":\"https:\/\/www.kanizsamasszazs.hu\/de\/partners\/\",\"name\":\"Partners - Massz\u00e1zs | Godzsa\",\"isPartOf\":{\"@id\":\"https:\/\/www.kanizsamasszazs.hu\/#website\"},\"datePublished\":\"2024-12-02T05:55:06+00:00\",\"dateModified\":\"2024-12-03T18:42:32+00:00\",\"breadcrumb\":{\"@id\":\"https:\/\/www.kanizsamasszazs.hu\/de\/partners\/#breadcrumb\"},\"inLanguage\":\"de\",\"potentialAction\":[{\"@type\":\"ReadAction\",\"target\":[\"https:\/\/www.kanizsamasszazs.hu\/de\/partners\/\"]}]},{\"@type\":\"BreadcrumbList\",\"@id\":\"https:\/\/www.kanizsamasszazs.hu\/de\/partners\/#breadcrumb\",\"itemListElement\":[{\"@type\":\"ListItem\",\"position\":1,\"name\":\"Home\",\"item\":\"https:\/\/www.kanizsamasszazs.hu\/de\/\"},{\"@type\":\"ListItem\",\"position\":2,\"name\":\"Partners\"}]},{\"@type\":\"WebSite\",\"@id\":\"https:\/\/www.kanizsamasszazs.hu\/#website\",\"url\":\"https:\/\/www.kanizsamasszazs.hu\/\",\"name\":\"Massz\u00e1zs | Godzsa\",\"description\":\"\",\"potentialAction\":[{\"@type\":\"SearchAction\",\"target\":{\"@type\":\"EntryPoint\",\"urlTemplate\":\"https:\/\/www.kanizsamasszazs.hu\/?s={search_term_string}\"},\"query-input\":{\"@type\":\"PropertyValueSpecification\",\"valueRequired\":true,\"valueName\":\"search_term_string\"}}],\"inLanguage\":\"de\"}]}<\/script>\n<!-- \/ Yoast SEO plugin. -->","yoast_head_json":{"title":"Partners - Massz\u00e1zs | Godzsa","robots":{"index":"index","follow":"follow","max-snippet":"max-snippet:-1","max-image-preview":"max-image-preview:large","max-video-preview":"max-video-preview:-1"},"canonical":"https:\/\/www.kanizsamasszazs.hu\/de\/partners\/","og_locale":"de_DE","og_type":"article","og_title":"Partners - Massz\u00e1zs | Godzsa","og_description":"SIKER Ingatlan Adam&#8217;s K\u00e1v\u00e9z\u00f3 &amp; Smash Burger Alison Blu**** Apartman","og_url":"https:\/\/www.kanizsamasszazs.hu\/de\/partners\/","og_site_name":"Massz\u00e1zs | Godzsa","article_modified_time":"2024-12-03T18:42:32+00:00","twitter_misc":{"Gesch\u00e4tzte Lesezeit":"1\u00a0Minute"},"schema":{"@context":"https:\/\/schema.org","@graph":[{"@type":"WebPage","@id":"https:\/\/www.kanizsamasszazs.hu\/de\/partners\/","url":"https:\/\/www.kanizsamasszazs.hu\/de\/partners\/","name":"Partners - Massz\u00e1zs | Godzsa","isPartOf":{"@id":"https:\/\/www.kanizsamasszazs.hu\/#website"},"datePublished":"2024-12-02T05:55:06+00:00","dateModified":"2024-12-03T18:42:32+00:00","breadcrumb":{"@id":"https:\/\/www.kanizsamasszazs.hu\/de\/partners\/#breadcrumb"},"inLanguage":"de","potentialAction":[{"@type":"ReadAction","target":["https:\/\/www.kanizsamasszazs.hu\/de\/partners\/"]}]},{"@type":"BreadcrumbList","@id":"https:\/\/www.kanizsamasszazs.hu\/de\/partners\/#breadcrumb","itemListElement":[{"@type":"ListItem","position":1,"name":"Home","item":"https:\/\/www.kanizsamasszazs.hu\/de\/"},{"@type":"ListItem","position":2,"name":"Partners"}]},{"@type":"WebSite","@id":"https:\/\/www.kanizsamasszazs.hu\/#website","url":"https:\/\/www.kanizsamasszazs.hu\/","name":"Massz\u00e1zs | Godzsa","description":"","potentialAction":[{"@type":"SearchAction","target":{"@type":"EntryPoint","urlTemplate":"https:\/\/www.kanizsamasszazs.hu\/?s={search_term_string}"},"query-input":{"@type":"PropertyValueSpecification","valueRequired":true,"valueName":"search_term_string"}}],"inLanguage":"de"}]}},"_links":{"self":[{"href":"https:\/\/www.kanizsamasszazs.hu\/de\/wp-json\/wp\/v2\/pages\/410","targetHints":{"allow":["GET"]}}],"collection":[{"href":"https:\/\/www.kanizsamasszazs.hu\/de\/wp-json\/wp\/v2\/pages"}],"about":[{"href":"https:\/\/www.kanizsamasszazs.hu\/de\/wp-json\/wp\/v2\/types\/page"}],"author":[{"embeddable":true,"href":"https:\/\/www.kanizsamasszazs.hu\/de\/wp-json\/wp\/v2\/users\/1"}],"replies":[{"embeddable":true,"href":"https:\/\/www.kanizsamasszazs.hu\/de\/wp-json\/wp\/v2\/comments?post=410"}],"version-history":[{"count":0,"href":"https:\/\/www.kanizsamasszazs.hu\/de\/wp-json\/wp\/v2\/pages\/410\/revisions"}],"wp:attachment":[{"href":"https:\/\/www.kanizsamasszazs.hu\/de\/wp-json\/wp\/v2\/media?parent=410"}],"curies":[{"name":"wp","href":"https:\/\/api.w.org\/{rel}","templated":true}]}}